{"id":493,"date":"2024-06-11T15:21:46","date_gmt":"2024-06-11T15:21:46","guid":{"rendered":"https:\/\/asv-freirachdorf.de\/?page_id=493"},"modified":"2026-03-19T12:13:39","modified_gmt":"2026-03-19T12:13:39","slug":"anfahrt","status":"publish","type":"page","link":"https:\/\/asv-freirachdorf.de\/?page_id=493","title":{"rendered":"Anfahrt"},"content":{"rendered":"\t\t<div data-elementor-type=\"wp-page\" data-elementor-id=\"493\" class=\"elementor elementor-493\">\n\t\t\t\t<div class=\"elementor-element elementor-element-6bd314f e-con-full e-flex wpr-particle-no wpr-jarallax-no wpr-parallax-no wpr-sticky-section-no wpr-equal-height-no e-con e-parent\" data-id=\"6bd314f\" data-element_type=\"container\" data-e-type=\"container\" data-settings=\"{&quot;background_background&quot;:&quot;classic&quot;}\">\n\t\t\t\t<div class=\"elementor-element elementor-element-5b1cbdc elementor-hidden-tablet elementor-hidden-mobile elementor-widget elementor-widget-image\" data-id=\"5b1cbdc\" data-element_type=\"widget\" data-e-type=\"widget\" data-widget_type=\"image.default\">\n\t\t\t\t<div class=\"elementor-widget-container\">\n\t\t\t\t\t\t\t\t\t\t\t\t\t\t\t\t<a href=\"https:\/\/freirachdorf.de\/images\/ltheme_sampledata\/main_slider4.jpg\">\n\t\t\t\t\t\t\t<img decoding=\"async\" src=\"https:\/\/freirachdorf.de\/images\/ltheme_sampledata\/main_slider4.jpg\" title=\"\" alt=\"Freirachdorf im Westerwald\" loading=\"lazy\" \/>\t\t\t\t\t\t\t\t<\/a>\n\t\t\t\t\t\t\t\t\t\t\t\t\t\t\t<\/div>\n\t\t\t\t<\/div>\n\t\t\t\t<\/div>\n\t\t<div class=\"elementor-element elementor-element-5e2a33e e-flex e-con-boxed wpr-particle-no wpr-jarallax-no wpr-parallax-no wpr-sticky-section-no wpr-equal-height-no e-con e-parent\" data-id=\"5e2a33e\" data-element_type=\"container\" data-e-type=\"container\">\n\t\t\t\t\t<div class=\"e-con-inner\">\n\t\t\t\t<div class=\"elementor-element elementor-element-ef66633 elementor-widget elementor-widget-heading\" data-id=\"ef66633\" data-element_type=\"widget\" data-e-type=\"widget\" data-widget_type=\"heading.default\">\n\t\t\t\t<div class=\"elementor-widget-container\">\n\t\t\t\t\t<h1 class=\"elementor-heading-title elementor-size-default\">Freirachdorf im Westerwald<\/h1>\t\t\t\t<\/div>\n\t\t\t\t<\/div>\n\t\t\t\t\t<\/div>\n\t\t\t\t<\/div>\n\t\t<div class=\"elementor-element elementor-element-597c8aa e-grid e-con-boxed wpr-particle-no wpr-jarallax-no wpr-parallax-no wpr-sticky-section-no wpr-equal-height-no e-con e-parent\" data-id=\"597c8aa\" data-element_type=\"container\" data-e-type=\"container\">\n\t\t\t\t\t<div class=\"e-con-inner\">\n\t\t\t\t<div class=\"elementor-element elementor-element-2e3caa6 elementor-widget elementor-widget-text-editor\" data-id=\"2e3caa6\" data-element_type=\"widget\" data-e-type=\"widget\" data-widget_type=\"text-editor.default\">\n\t\t\t\t<div class=\"elementor-widget-container\">\n\t\t\t\t\t\t\t\t\t<p>Die Gew\u00e4sser des Angelsportverein Freirachdorf e.V. befinden sich auf dem sogenannten Kreuzberg zwischen den Ortsgemeinden Freirachdorf, Herschbach, Marienhausen und Marienrachdorf. Die sechs Vereinsgew\u00e4sser entstanden aus ehemaligen Quarzit-Steinbr\u00fcchen.<\/p><p>Der Ort Freirachdorf\u00a0ist eine Gemeinde im Westerwaldkreis in Rheinland-Pfalz und Teil der\u00a0Verbandsgemeinde Selters.\u00a0Freirachdorf ist sogar ein staatlich anerkannter Erholungsort.\u00a0<\/p><p>Mehr \u00fcber Freirachdorf k\u00f6nnen Sie\u00a0<a href=\"https:\/\/freirachdorf.de\/index.php\/ortsportrait\/geschichte\">hier<\/a>\u00a0nachlesen.<br \/><br \/>Im wundersch\u00f6nen Westerwald gelegen, finden Sie unsere Gew\u00e4sser entlang der Bundesstra\u00dfe 413 zwischen Herschbach und Dierdorf.<\/p>\t\t\t\t\t\t\t\t<\/div>\n\t\t\t\t<\/div>\n\t\t\t\t<div class=\"elementor-element elementor-element-90ce527 elementor-widget elementor-widget-image\" data-id=\"90ce527\" data-element_type=\"widget\" data-e-type=\"widget\" data-widget_type=\"image.default\">\n\t\t\t\t<div class=\"elementor-widget-container\">\n\t\t\t\t\t\t\t\t\t\t\t\t\t\t\t<img fetchpriority=\"high\" decoding=\"async\" width=\"268\" height=\"300\" src=\"https:\/\/asv-freirachdorf.de\/wp-content\/uploads\/2024\/06\/DEU_Freirachdorf_COA.svg-268x300.png\" class=\"attachment-medium size-medium wp-image-496\" alt=\"\" srcset=\"https:\/\/asv-freirachdorf.de\/wp-content\/uploads\/2024\/06\/DEU_Freirachdorf_COA.svg-268x300.png 268w, https:\/\/asv-freirachdorf.de\/wp-content\/uploads\/2024\/06\/DEU_Freirachdorf_COA.svg-768x861.png 768w, https:\/\/asv-freirachdorf.de\/wp-content\/uploads\/2024\/06\/DEU_Freirachdorf_COA.svg.png 800w\" sizes=\"(max-width: 268px) 100vw, 268px\" \/>\t\t\t\t\t\t\t\t\t\t\t\t\t\t\t<\/div>\n\t\t\t\t<\/div>\n\t\t\t\t<div class=\"elementor-element elementor-element-f334517 elementor-hidden-tablet elementor-hidden-mobile elementor-widget elementor-widget-image\" data-id=\"f334517\" data-element_type=\"widget\" data-e-type=\"widget\" data-widget_type=\"image.default\">\n\t\t\t\t<div class=\"elementor-widget-container\">\n\t\t\t\t\t\t\t\t\t\t\t\t\t\t\t\t<a href=\"https:\/\/freirachdorf.de\/images\/ltheme_sampledata\/main_slider4.jpg\">\n\t\t\t\t\t\t\t<img decoding=\"async\" width=\"1024\" height=\"768\" src=\"https:\/\/asv-freirachdorf.de\/wp-content\/uploads\/2024\/04\/Startseite_HG-1024x768.jpg\" class=\"attachment-large size-large wp-image-97\" alt=\"\" srcset=\"https:\/\/asv-freirachdorf.de\/wp-content\/uploads\/2024\/04\/Startseite_HG-1024x768.jpg 1024w, https:\/\/asv-freirachdorf.de\/wp-content\/uploads\/2024\/04\/Startseite_HG-300x225.jpg 300w, https:\/\/asv-freirachdorf.de\/wp-content\/uploads\/2024\/04\/Startseite_HG-768x576.jpg 768w, https:\/\/asv-freirachdorf.de\/wp-content\/uploads\/2024\/04\/Startseite_HG-1536x1152.jpg 1536w, https:\/\/asv-freirachdorf.de\/wp-content\/uploads\/2024\/04\/Startseite_HG-2048x1536.jpg 2048w\" sizes=\"(max-width: 1024px) 100vw, 1024px\" \/>\t\t\t\t\t\t\t\t<\/a>\n\t\t\t\t\t\t\t\t\t\t\t\t\t\t\t<\/div>\n\t\t\t\t<\/div>\n\t\t\t\t<div class=\"elementor-element elementor-element-997966d elementor-widget__width-initial elementor-widget elementor-widget-google_maps\" data-id=\"997966d\" data-element_type=\"widget\" data-e-type=\"widget\" data-widget_type=\"google_maps.default\">\n\t\t\t\t<div class=\"elementor-widget-container\">\n\t\t\t\t\t\t\t<div class=\"elementor-custom-embed\">\n\t\t\t<iframe loading=\"lazy\"\n\t\t\t\t\tsrc=\"https:\/\/maps.google.com\/maps?q=50.566076%2C%207.706649&#038;t=m&#038;z=17&#038;output=embed&#038;iwloc=near\"\n\t\t\t\t\ttitle=\"50.566076, 7.706649\"\n\t\t\t\t\taria-label=\"50.566076, 7.706649\"\n\t\t\t><\/iframe>\n\t\t<\/div>\n\t\t\t\t\t\t<\/div>\n\t\t\t\t<\/div>\n\t\t\t\t\t<\/div>\n\t\t\t\t<\/div>\n\t\t\t\t<section class=\"elementor-section elementor-top-section elementor-element elementor-element-ef90bb1 elementor-section-height-min-height elementor-section-content-middle parallax elementor-section-full_width elementor-section-stretched elementor-section-height-default elementor-section-items-middle wpr-particle-no wpr-jarallax-no wpr-parallax-no wpr-sticky-section-no wpr-equal-height-no\" data-id=\"ef90bb1\" data-element_type=\"section\" data-e-type=\"section\" data-settings=\"{&quot;background_background&quot;:&quot;classic&quot;,&quot;shape_divider_bottom&quot;:&quot;tilt&quot;,&quot;stretch_section&quot;:&quot;section-stretched&quot;}\">\n\t\t\t\t\t\t\t<div class=\"elementor-background-overlay\"><\/div>\n\t\t\t\t\t\t<div class=\"elementor-shape elementor-shape-bottom\" aria-hidden=\"true\" data-negative=\"false\">\n\t\t\t<svg xmlns=\"http:\/\/www.w3.org\/2000\/svg\" viewBox=\"0 0 1000 100\" preserveAspectRatio=\"none\">\n\t<path class=\"elementor-shape-fill\" d=\"M0,6V0h1000v100L0,6z\"\/>\n<\/svg>\t\t<\/div>\n\t\t\t\t\t<div class=\"elementor-container elementor-column-gap-default\">\n\t\t\t\t\t<div class=\"elementor-column elementor-col-50 elementor-top-column elementor-element elementor-element-4cfae53 elementor-invisible\" data-id=\"4cfae53\" data-element_type=\"column\" data-e-type=\"column\" data-settings=\"{&quot;background_background&quot;:&quot;classic&quot;,&quot;animation&quot;:&quot;fadeIn&quot;}\">\n\t\t\t<div class=\"elementor-widget-wrap elementor-element-populated\">\n\t\t\t\t\t\t<div class=\"elementor-element elementor-element-30451d4 elementor-icon-list--layout-traditional elementor-list-item-link-full_width elementor-widget elementor-widget-icon-list\" data-id=\"30451d4\" data-element_type=\"widget\" data-e-type=\"widget\" data-widget_type=\"icon-list.default\">\n\t\t\t\t<div class=\"elementor-widget-container\">\n\t\t\t\t\t\t\t<ul class=\"elementor-icon-list-items\">\n\t\t\t\t\t\t\t<li class=\"elementor-icon-list-item\">\n\t\t\t\t\t\t\t\t\t\t\t<span class=\"elementor-icon-list-icon\">\n\t\t\t\t\t\t\t<svg aria-hidden=\"true\" class=\"e-font-icon-svg e-fas-map-marker-alt\" viewBox=\"0 0 384 512\" xmlns=\"http:\/\/www.w3.org\/2000\/svg\"><path d=\"M172.268 501.67C26.97 291.031 0 269.413 0 192 0 85.961 85.961 0 192 0s192 85.961 192 192c0 77.413-26.97 99.031-172.268 309.67-9.535 13.774-29.93 13.773-39.464 0zM192 272c44.183 0 80-35.817 80-80s-35.817-80-80-80-80 35.817-80 80 35.817 80 80 80z\"><\/path><\/svg>\t\t\t\t\t\t<\/span>\n\t\t\t\t\t\t\t\t\t\t<span class=\"elementor-icon-list-text\">Poststrasse 5, 56244 Freirachdorf<\/span>\n\t\t\t\t\t\t\t\t\t<\/li>\n\t\t\t\t\t\t\t\t<li class=\"elementor-icon-list-item\">\n\t\t\t\t\t\t\t\t\t\t\t<span class=\"elementor-icon-list-icon\">\n\t\t\t\t\t\t\t<svg aria-hidden=\"true\" class=\"e-font-icon-svg e-far-paper-plane\" viewBox=\"0 0 512 512\" xmlns=\"http:\/\/www.w3.org\/2000\/svg\"><path d=\"M440 6.5L24 246.4c-34.4 19.9-31.1 70.8 5.7 85.9L144 379.6V464c0 46.4 59.2 65.5 86.6 28.6l43.8-59.1 111.9 46.2c5.9 2.4 12.1 3.6 18.3 3.6 8.2 0 16.3-2.1 23.6-6.2 12.8-7.2 21.6-20 23.9-34.5l59.4-387.2c6.1-40.1-36.9-68.8-71.5-48.9zM192 464v-64.6l36.6 15.1L192 464zm212.6-28.7l-153.8-63.5L391 169.5c10.7-15.5-9.5-33.5-23.7-21.2L155.8 332.6 48 288 464 48l-59.4 387.3z\"><\/path><\/svg>\t\t\t\t\t\t<\/span>\n\t\t\t\t\t\t\t\t\t\t<span class=\"elementor-icon-list-text\">vorsitzender@asv-freirachdorf.de<\/span>\n\t\t\t\t\t\t\t\t\t<\/li>\n\t\t\t\t\t\t<\/ul>\n\t\t\t\t\t\t<\/div>\n\t\t\t\t<\/div>\n\t\t\t\t<div class=\"elementor-element elementor-element-dea9f4f elementor-invisible elementor-widget elementor-widget-heading\" data-id=\"dea9f4f\" data-element_type=\"widget\" data-e-type=\"widget\" data-settings=\"{&quot;_animation&quot;:&quot;fadeIn&quot;}\" data-widget_type=\"heading.default\">\n\t\t\t\t<div class=\"elementor-widget-container\">\n\t\t\t\t\t<h1 class=\"elementor-heading-title elementor-size-default\">Angelsportverein Freirachdorf e.V.<\/h1>\t\t\t\t<\/div>\n\t\t\t\t<\/div>\n\t\t\t\t\t<\/div>\n\t\t<\/div>\n\t\t\t\t<div class=\"elementor-column elementor-col-50 elementor-top-column elementor-element elementor-element-964fb2f elementor-invisible\" data-id=\"964fb2f\" data-element_type=\"column\" data-e-type=\"column\" data-settings=\"{&quot;background_background&quot;:&quot;classic&quot;,&quot;animation&quot;:&quot;fadeIn&quot;}\">\n\t\t\t<div class=\"elementor-widget-wrap elementor-element-populated\">\n\t\t\t\t\t\t<div class=\"elementor-element elementor-element-a5c5c60 elementor-invisible elementor-widget elementor-widget-heading\" data-id=\"a5c5c60\" data-element_type=\"widget\" data-e-type=\"widget\" data-settings=\"{&quot;_animation&quot;:&quot;fadeIn&quot;}\" data-widget_type=\"heading.default\">\n\t\t\t\t<div class=\"elementor-widget-container\">\n\t\t\t\t\t<h1 class=\"elementor-heading-title elementor-size-default\">Weitere Seiten<\/h1>\t\t\t\t<\/div>\n\t\t\t\t<\/div>\n\t\t\t\t<div class=\"elementor-element elementor-element-de1345d elementor-icon-list--layout-traditional elementor-list-item-link-full_width elementor-widget elementor-widget-icon-list\" data-id=\"de1345d\" data-element_type=\"widget\" data-e-type=\"widget\" data-widget_type=\"icon-list.default\">\n\t\t\t\t<div class=\"elementor-widget-container\">\n\t\t\t\t\t\t\t<ul class=\"elementor-icon-list-items\">\n\t\t\t\t\t\t\t<li class=\"elementor-icon-list-item\">\n\t\t\t\t\t\t\t\t\t\t\t<a href=\"https:\/\/asv-freirachdorf.de\/?page_id=454\">\n\n\t\t\t\t\t\t\t\t\t\t\t<span class=\"elementor-icon-list-text\">Kontakte<\/span>\n\t\t\t\t\t\t\t\t\t\t\t<\/a>\n\t\t\t\t\t\t\t\t\t<\/li>\n\t\t\t\t\t\t\t\t<li class=\"elementor-icon-list-item\">\n\t\t\t\t\t\t\t\t\t\t\t<a href=\"https:\/\/asv-freirachdorf.de\/?page_id=448\">\n\n\t\t\t\t\t\t\t\t\t\t\t<span class=\"elementor-icon-list-text\">Impressum<\/span>\n\t\t\t\t\t\t\t\t\t\t\t<\/a>\n\t\t\t\t\t\t\t\t\t<\/li>\n\t\t\t\t\t\t\t\t<li class=\"elementor-icon-list-item\">\n\t\t\t\t\t\t\t\t\t\t\t<a href=\"https:\/\/asv-freirachdorf.de\/?page_id=435\">\n\n\t\t\t\t\t\t\t\t\t\t\t<span class=\"elementor-icon-list-text\">Datenschutzerkl\u00e4rung<\/span>\n\t\t\t\t\t\t\t\t\t\t\t<\/a>\n\t\t\t\t\t\t\t\t\t<\/li>\n\t\t\t\t\t\t\t\t<li class=\"elementor-icon-list-item\">\n\t\t\t\t\t\t\t\t\t\t\t<a href=\"https:\/\/asv-freirachdorf.de\/?page_id=493\">\n\n\t\t\t\t\t\t\t\t\t\t\t<span class=\"elementor-icon-list-text\">Anfahrt<\/span>\n\t\t\t\t\t\t\t\t\t\t\t<\/a>\n\t\t\t\t\t\t\t\t\t<\/li>\n\t\t\t\t\t\t<\/ul>\n\t\t\t\t\t\t<\/div>\n\t\t\t\t<\/div>\n\t\t\t\t\t<\/div>\n\t\t<\/div>\n\t\t\t\t\t<\/div>\n\t\t<\/section>\n\t\t\t\t<\/div>\n\t\t","protected":false},"excerpt":{"rendered":"<p>Freirachdorf im Westerwald Die Gew\u00e4sser des Angelsportverein Freirachdorf e.V. befinden sich auf dem sogenannten Kreuzberg zwischen den Ortsgemeinden Freirachdorf, Herschbach, Marienhausen und Marienrachdorf. Die sechs Vereinsgew\u00e4sser entstanden aus ehemaligen Quarzit-Steinbr\u00fcchen. Der Ort Freirachdorf\u00a0ist eine Gemeinde im Westerwaldkreis in Rheinland-Pfalz und Teil der\u00a0Verbandsgemeinde Selters.\u00a0Freirachdorf ist sogar ein staatlich anerkannter Erholungsort.\u00a0 Mehr \u00fcber Freirachdorf k\u00f6nnen Sie\u00a0hier\u00a0nachlesen. Im wundersch\u00f6nen Westerwald gelegen, finden Sie unsere Gew\u00e4sser entlang der Bundesstra\u00dfe 413 zwischen Herschbach und Dierdorf. Poststrasse 5, 56244 Freirachdorf vorsitzender@asv-freirachdorf.de Angelsportverein Freirachdorf e.V. Weitere Seiten Kontakte Impressum Datenschutzerkl\u00e4rung Anfahrt<\/p>\n","protected":false},"author":1,"featured_media":0,"parent":0,"menu_order":0,"comment_status":"closed","ping_status":"closed","template":"","meta":{"site-sidebar-layout":"no-sidebar","site-content-layout":"","ast-site-content-layout":"full-width-container","site-content-style":"default","site-sidebar-style":"default","ast-global-header-display":"","ast-banner-title-visibility":"","ast-main-header-display":"","ast-hfb-above-header-display":"","ast-hfb-below-header-display":"","ast-hfb-mobile-header-display":"","site-post-title":"disabled","ast-breadcrumbs-content":"","ast-featured-img":"disabled","footer-sml-layout":"","ast-disable-related-posts":"","theme-transparent-header-meta":"","adv-header-id-meta":"","stick-header-meta":"","header-above-stick-meta":"","header-main-stick-meta":"","header-below-stick-meta":"","astra-migrate-meta-layouts":"default","ast-page-background-enabled":"default","ast-page-background-meta":{"desktop":{"background-color":"var(--ast-global-color-4)","background-image":"","background-repeat":"repeat","background-position":"center center","background-size":"auto","background-attachment":"scroll","background-type":"","background-media":"","overlay-type":"","overlay-color":"","overlay-opacity":"","overlay-gradient":""},"tablet":{"background-color":"","background-image":"","background-repeat":"repeat","background-position":"center center","background-size":"auto","background-attachment":"scroll","background-type":"","background-media":"","overlay-type":"","overlay-color":"","overlay-opacity":"","overlay-gradient":""},"mobile":{"background-color":"","background-image":"","background-repeat":"repeat","background-position":"center center","background-size":"auto","background-attachment":"scroll","background-type":"","background-media":"","overlay-type":"","overlay-color":"","overlay-opacity":"","overlay-gradient":""}},"ast-content-background-meta":{"desktop":{"background-color":"var(--ast-global-color-5)","background-image":"","background-repeat":"repeat","background-position":"center center","background-size":"auto","background-attachment":"scroll","background-type":"","background-media":"","overlay-type":"","overlay-color":"","overlay-opacity":"","overlay-gradient":""},"tablet":{"background-color":"var(--ast-global-color-5)","background-image":"","background-repeat":"repeat","background-position":"center center","background-size":"auto","background-attachment":"scroll","background-type":"","background-media":"","overlay-type":"","overlay-color":"","overlay-opacity":"","overlay-gradient":""},"mobile":{"background-color":"var(--ast-global-color-5)","background-image":"","background-repeat":"repeat","background-position":"center center","background-size":"auto","background-attachment":"scroll","background-type":"","background-media":"","overlay-type":"","overlay-color":"","overlay-opacity":"","overlay-gradient":""}},"footnotes":""},"class_list":["post-493","page","type-page","status-publish","hentry"],"yoast_head":"<!-- This site is optimized with the Yoast SEO plugin v27.4 - https:\/\/yoast.com\/product\/yoast-seo-wordpress\/ -->\n<title>Anfahrt - ASV Freirachdorf<\/title>\n<meta name=\"description\" content=\"Anfahrt zu den Gew\u00e4ssern des Angelsportverein Freirachdorf e.V.\" \/>\n<meta name=\"robots\" content=\"index, follow, max-snippet:-1, max-image-preview:large, max-video-preview:-1\" \/>\n<link rel=\"canonical\" href=\"https:\/\/asv-freirachdorf.de\/?page_id=493\" \/>\n<meta property=\"og:locale\" content=\"de_DE\" \/>\n<meta property=\"og:type\" content=\"article\" \/>\n<meta property=\"og:title\" content=\"Anfahrt - ASV Freirachdorf\" \/>\n<meta property=\"og:description\" content=\"Anfahrt zu den Gew\u00e4ssern des Angelsportverein Freirachdorf e.V.\" \/>\n<meta property=\"og:url\" content=\"https:\/\/asv-freirachdorf.de\/?page_id=493\" \/>\n<meta property=\"og:site_name\" content=\"ASV Freirachdorf\" \/>\n<meta property=\"article:modified_time\" content=\"2026-03-19T12:13:39+00:00\" \/>\n<meta property=\"og:image\" content=\"https:\/\/freirachdorf.de\/images\/ltheme_sampledata\/main_slider4.jpg\" \/>\n<meta name=\"twitter:card\" content=\"summary_large_image\" \/>\n<meta name=\"twitter:label1\" content=\"Gesch\u00e4tzte Lesezeit\" \/>\n\t<meta name=\"twitter:data1\" content=\"2\u00a0Minuten\" \/>\n<script type=\"application\/ld+json\" class=\"yoast-schema-graph\">{\"@context\":\"https:\\\/\\\/schema.org\",\"@graph\":[{\"@type\":\"WebPage\",\"@id\":\"https:\\\/\\\/asv-freirachdorf.de\\\/?page_id=493\",\"url\":\"https:\\\/\\\/asv-freirachdorf.de\\\/?page_id=493\",\"name\":\"Anfahrt - ASV Freirachdorf\",\"isPartOf\":{\"@id\":\"https:\\\/\\\/asv-freirachdorf.de\\\/#website\"},\"primaryImageOfPage\":{\"@id\":\"https:\\\/\\\/asv-freirachdorf.de\\\/?page_id=493#primaryimage\"},\"image\":{\"@id\":\"https:\\\/\\\/asv-freirachdorf.de\\\/?page_id=493#primaryimage\"},\"thumbnailUrl\":\"https:\\\/\\\/freirachdorf.de\\\/images\\\/ltheme_sampledata\\\/main_slider4.jpg\",\"datePublished\":\"2024-06-11T15:21:46+00:00\",\"dateModified\":\"2026-03-19T12:13:39+00:00\",\"description\":\"Anfahrt zu den Gew\u00e4ssern des Angelsportverein Freirachdorf e.V.\",\"breadcrumb\":{\"@id\":\"https:\\\/\\\/asv-freirachdorf.de\\\/?page_id=493#breadcrumb\"},\"inLanguage\":\"de\",\"potentialAction\":[{\"@type\":\"ReadAction\",\"target\":[\"https:\\\/\\\/asv-freirachdorf.de\\\/?page_id=493\"]}]},{\"@type\":\"ImageObject\",\"inLanguage\":\"de\",\"@id\":\"https:\\\/\\\/asv-freirachdorf.de\\\/?page_id=493#primaryimage\",\"url\":\"https:\\\/\\\/freirachdorf.de\\\/images\\\/ltheme_sampledata\\\/main_slider4.jpg\",\"contentUrl\":\"https:\\\/\\\/freirachdorf.de\\\/images\\\/ltheme_sampledata\\\/main_slider4.jpg\"},{\"@type\":\"BreadcrumbList\",\"@id\":\"https:\\\/\\\/asv-freirachdorf.de\\\/?page_id=493#breadcrumb\",\"itemListElement\":[{\"@type\":\"ListItem\",\"position\":1,\"name\":\"Startseite\",\"item\":\"https:\\\/\\\/asv-freirachdorf.de\\\/\"},{\"@type\":\"ListItem\",\"position\":2,\"name\":\"Anfahrt\"}]},{\"@type\":\"WebSite\",\"@id\":\"https:\\\/\\\/asv-freirachdorf.de\\\/#website\",\"url\":\"https:\\\/\\\/asv-freirachdorf.de\\\/\",\"name\":\"ASV Freirachdorf\",\"description\":\"Angelsportverein Freirachdorf e.V.\",\"publisher\":{\"@id\":\"https:\\\/\\\/asv-freirachdorf.de\\\/#organization\"},\"potentialAction\":[{\"@type\":\"SearchAction\",\"target\":{\"@type\":\"EntryPoint\",\"urlTemplate\":\"https:\\\/\\\/asv-freirachdorf.de\\\/?s={search_term_string}\"},\"query-input\":{\"@type\":\"PropertyValueSpecification\",\"valueRequired\":true,\"valueName\":\"search_term_string\"}}],\"inLanguage\":\"de\"},{\"@type\":\"Organization\",\"@id\":\"https:\\\/\\\/asv-freirachdorf.de\\\/#organization\",\"name\":\"ASV Freirachdorf\",\"url\":\"https:\\\/\\\/asv-freirachdorf.de\\\/\",\"logo\":{\"@type\":\"ImageObject\",\"inLanguage\":\"de\",\"@id\":\"https:\\\/\\\/asv-freirachdorf.de\\\/#\\\/schema\\\/logo\\\/image\\\/\",\"url\":\"https:\\\/\\\/asv-freirachdorf.de\\\/wp-content\\\/uploads\\\/2024\\\/04\\\/ASV-Logo.jpg\",\"contentUrl\":\"https:\\\/\\\/asv-freirachdorf.de\\\/wp-content\\\/uploads\\\/2024\\\/04\\\/ASV-Logo.jpg\",\"width\":239,\"height\":238,\"caption\":\"ASV Freirachdorf\"},\"image\":{\"@id\":\"https:\\\/\\\/asv-freirachdorf.de\\\/#\\\/schema\\\/logo\\\/image\\\/\"}}]}<\/script>\n<!-- \/ Yoast SEO plugin. -->","yoast_head_json":{"title":"Anfahrt - ASV Freirachdorf","description":"Anfahrt zu den Gew\u00e4ssern des Angelsportverein Freirachdorf e.V.","robots":{"index":"index","follow":"follow","max-snippet":"max-snippet:-1","max-image-preview":"max-image-preview:large","max-video-preview":"max-video-preview:-1"},"canonical":"https:\/\/asv-freirachdorf.de\/?page_id=493","og_locale":"de_DE","og_type":"article","og_title":"Anfahrt - ASV Freirachdorf","og_description":"Anfahrt zu den Gew\u00e4ssern des Angelsportverein Freirachdorf e.V.","og_url":"https:\/\/asv-freirachdorf.de\/?page_id=493","og_site_name":"ASV Freirachdorf","article_modified_time":"2026-03-19T12:13:39+00:00","og_image":[{"url":"https:\/\/freirachdorf.de\/images\/ltheme_sampledata\/main_slider4.jpg","type":"","width":"","height":""}],"twitter_card":"summary_large_image","twitter_misc":{"Gesch\u00e4tzte Lesezeit":"2\u00a0Minuten"},"schema":{"@context":"https:\/\/schema.org","@graph":[{"@type":"WebPage","@id":"https:\/\/asv-freirachdorf.de\/?page_id=493","url":"https:\/\/asv-freirachdorf.de\/?page_id=493","name":"Anfahrt - ASV Freirachdorf","isPartOf":{"@id":"https:\/\/asv-freirachdorf.de\/#website"},"primaryImageOfPage":{"@id":"https:\/\/asv-freirachdorf.de\/?page_id=493#primaryimage"},"image":{"@id":"https:\/\/asv-freirachdorf.de\/?page_id=493#primaryimage"},"thumbnailUrl":"https:\/\/freirachdorf.de\/images\/ltheme_sampledata\/main_slider4.jpg","datePublished":"2024-06-11T15:21:46+00:00","dateModified":"2026-03-19T12:13:39+00:00","description":"Anfahrt zu den Gew\u00e4ssern des Angelsportverein Freirachdorf e.V.","breadcrumb":{"@id":"https:\/\/asv-freirachdorf.de\/?page_id=493#breadcrumb"},"inLanguage":"de","potentialAction":[{"@type":"ReadAction","target":["https:\/\/asv-freirachdorf.de\/?page_id=493"]}]},{"@type":"ImageObject","inLanguage":"de","@id":"https:\/\/asv-freirachdorf.de\/?page_id=493#primaryimage","url":"https:\/\/freirachdorf.de\/images\/ltheme_sampledata\/main_slider4.jpg","contentUrl":"https:\/\/freirachdorf.de\/images\/ltheme_sampledata\/main_slider4.jpg"},{"@type":"BreadcrumbList","@id":"https:\/\/asv-freirachdorf.de\/?page_id=493#breadcrumb","itemListElement":[{"@type":"ListItem","position":1,"name":"Startseite","item":"https:\/\/asv-freirachdorf.de\/"},{"@type":"ListItem","position":2,"name":"Anfahrt"}]},{"@type":"WebSite","@id":"https:\/\/asv-freirachdorf.de\/#website","url":"https:\/\/asv-freirachdorf.de\/","name":"ASV Freirachdorf","description":"Angelsportverein Freirachdorf e.V.","publisher":{"@id":"https:\/\/asv-freirachdorf.de\/#organization"},"potentialAction":[{"@type":"SearchAction","target":{"@type":"EntryPoint","urlTemplate":"https:\/\/asv-freirachdorf.de\/?s={search_term_string}"},"query-input":{"@type":"PropertyValueSpecification","valueRequired":true,"valueName":"search_term_string"}}],"inLanguage":"de"},{"@type":"Organization","@id":"https:\/\/asv-freirachdorf.de\/#organization","name":"ASV Freirachdorf","url":"https:\/\/asv-freirachdorf.de\/","logo":{"@type":"ImageObject","inLanguage":"de","@id":"https:\/\/asv-freirachdorf.de\/#\/schema\/logo\/image\/","url":"https:\/\/asv-freirachdorf.de\/wp-content\/uploads\/2024\/04\/ASV-Logo.jpg","contentUrl":"https:\/\/asv-freirachdorf.de\/wp-content\/uploads\/2024\/04\/ASV-Logo.jpg","width":239,"height":238,"caption":"ASV Freirachdorf"},"image":{"@id":"https:\/\/asv-freirachdorf.de\/#\/schema\/logo\/image\/"}}]}},"_links":{"self":[{"href":"https:\/\/asv-freirachdorf.de\/index.php?rest_route=\/wp\/v2\/pages\/493","targetHints":{"allow":["GET"]}}],"collection":[{"href":"https:\/\/asv-freirachdorf.de\/index.php?rest_route=\/wp\/v2\/pages"}],"about":[{"href":"https:\/\/asv-freirachdorf.de\/index.php?rest_route=\/wp\/v2\/types\/page"}],"author":[{"embeddable":true,"href":"https:\/\/asv-freirachdorf.de\/index.php?rest_route=\/wp\/v2\/users\/1"}],"replies":[{"embeddable":true,"href":"https:\/\/asv-freirachdorf.de\/index.php?rest_route=%2Fwp%2Fv2%2Fcomments&post=493"}],"version-history":[{"count":35,"href":"https:\/\/asv-freirachdorf.de\/index.php?rest_route=\/wp\/v2\/pages\/493\/revisions"}],"predecessor-version":[{"id":880,"href":"https:\/\/asv-freirachdorf.de\/index.php?rest_route=\/wp\/v2\/pages\/493\/revisions\/880"}],"wp:attachment":[{"href":"https:\/\/asv-freirachdorf.de\/index.php?rest_route=%2Fwp%2Fv2%2Fmedia&parent=493"}],"curies":[{"name":"wp","href":"https:\/\/api.w.org\/{rel}","templated":true}]}}