{"id":468,"date":"2024-06-10T15:46:48","date_gmt":"2024-06-10T15:46:48","guid":{"rendered":"https:\/\/asv-freirachdorf.de\/?page_id=468"},"modified":"2026-03-19T12:15:01","modified_gmt":"2026-03-19T12:15:01","slug":"verein","status":"publish","type":"page","link":"https:\/\/asv-freirachdorf.de\/?page_id=468","title":{"rendered":"Der Verein"},"content":{"rendered":"\t\t<div data-elementor-type=\"wp-page\" data-elementor-id=\"468\" class=\"elementor elementor-468\">\n\t\t\t\t\t\t<section class=\"elementor-section elementor-top-section elementor-element elementor-element-eab7981 elementor-section-stretched elementor-section-boxed elementor-section-height-default elementor-section-height-default wpr-particle-no wpr-jarallax-no wpr-parallax-no wpr-sticky-section-no wpr-equal-height-no\" data-id=\"eab7981\" data-element_type=\"section\" data-e-type=\"section\" data-settings=\"{&quot;background_background&quot;:&quot;classic&quot;,&quot;stretch_section&quot;:&quot;section-stretched&quot;}\">\n\t\t\t\t\t\t<div class=\"elementor-container elementor-column-gap-default\">\n\t\t\t\t\t<div class=\"elementor-column elementor-col-50 elementor-top-column elementor-element elementor-element-d1f48e9 animated-fast elementor-invisible\" data-id=\"d1f48e9\" data-element_type=\"column\" data-e-type=\"column\" data-settings=\"{&quot;background_background&quot;:&quot;classic&quot;,&quot;animation&quot;:&quot;fadeInLeft&quot;}\">\n\t\t\t<div class=\"elementor-widget-wrap elementor-element-populated\">\n\t\t\t\t\t\t<div class=\"elementor-element elementor-element-a5cdd33 elementor-widget-divider--view-line elementor-invisible elementor-widget elementor-widget-divider\" data-id=\"a5cdd33\" data-element_type=\"widget\" data-e-type=\"widget\" data-settings=\"{&quot;_animation&quot;:&quot;fadeInLeft&quot;,&quot;_animation_delay&quot;:200}\" data-widget_type=\"divider.default\">\n\t\t\t\t<div class=\"elementor-widget-container\">\n\t\t\t\t\t\t\t<div class=\"elementor-divider\">\n\t\t\t<span class=\"elementor-divider-separator\">\n\t\t\t\t\t\t<\/span>\n\t\t<\/div>\n\t\t\t\t\t\t<\/div>\n\t\t\t\t<\/div>\n\t\t\t\t<div class=\"elementor-element elementor-element-8f23ddf elementor-widget-divider--view-line elementor-invisible elementor-widget elementor-widget-divider\" data-id=\"8f23ddf\" data-element_type=\"widget\" data-e-type=\"widget\" data-settings=\"{&quot;_animation&quot;:&quot;fadeInRight&quot;,&quot;_animation_delay&quot;:200}\" data-widget_type=\"divider.default\">\n\t\t\t\t<div class=\"elementor-widget-container\">\n\t\t\t\t\t\t\t<div class=\"elementor-divider\">\n\t\t\t<span class=\"elementor-divider-separator\">\n\t\t\t\t\t\t<\/span>\n\t\t<\/div>\n\t\t\t\t\t\t<\/div>\n\t\t\t\t<\/div>\n\t\t\t\t<div class=\"elementor-element elementor-element-e17b659 elementor-widget__width-initial elementor-invisible elementor-widget elementor-widget-heading\" data-id=\"e17b659\" data-element_type=\"widget\" data-e-type=\"widget\" data-settings=\"{&quot;_animation&quot;:&quot;fadeIn&quot;}\" data-widget_type=\"heading.default\">\n\t\t\t\t<div class=\"elementor-widget-container\">\n\t\t\t\t\t<h2 class=\"elementor-heading-title elementor-size-default\">Angelsport-verein Freirachdorf e.V.<\/h2>\t\t\t\t<\/div>\n\t\t\t\t<\/div>\n\t\t\t\t<div class=\"elementor-element elementor-element-d130385 elementor-widget__width-initial elementor-widget elementor-widget-text-editor\" data-id=\"d130385\" data-element_type=\"widget\" data-e-type=\"widget\" data-widget_type=\"text-editor.default\">\n\t\t\t\t<div class=\"elementor-widget-container\">\n\t\t\t\t\t\t\t\t\t<p>Der Angelsportverein Freirachdorf e.V. wurde 1959 von sieben Freirachdorfern gegr\u00fcndet. Bei den Vereinsgew\u00e4ssern handelt es sich um ehemalige Quarzit-Steinbr\u00fcche, die nach Aussch\u00f6pfung des Quarzit Vorkommens brach lagen und f\u00fcr die sich damals keinerlei wirtschaftliche Verwendung mehr fand.<\/p><p>Der Verein k\u00fcmmert sich fortan neben der Angelleidenschaft auch um die Hege und Pflege von Flora und Fauna der verschiedenen Gew\u00e4sser. Auch die Natur um die Teiche herum wird aufs liebevollste in Ordnung gehalten. Eine weitere Aufgaben des Vereins ist das S\u00e4ubern des Gel\u00e4ndes um die nahegelegene B413. So nehmen unsere Vereinsmitglieder beispielsweise auch an dem in jedem Fr\u00fchjahr stattfindenden Umwelttag der Verbandsgemeinde Selters teil. Neben den anderen \u00f6rtlichen Vereinen und Dorfbewohnern sammeln wir an diesem Tag in der Gemarkung weggeworfenen Unrat und M\u00fcll ein. Dieser wird anschlie\u00dfend zu einem zentralen Sammelort gebracht und nach der sp\u00e4teren Abholung einer m\u00f6glichen Wiederverwertung zugef\u00fchrt. Der Verein freut sich stets \u00fcber Gastangler von nah und fern, die unser Vereinsleben bereichern. Dass der Verein auf dem richtigen Weg ist, beweist die st\u00e4ndig steigende Zahl der Angler und Erholungssuchenden, die sogar aus den R\u00e4umen K\u00f6ln \u2013 D\u00fcsseldorf und Frankfurt \u2013 Darmstadt anreisen. Gastangler sind jederzeit willkommen und k\u00f6nnen sich selbst einen Eindruck von der idyllischen Atmosph\u00e4re vor Ort verschaffen.<\/p>\t\t\t\t\t\t\t\t<\/div>\n\t\t\t\t<\/div>\n\t\t\t\t\t<\/div>\n\t\t<\/div>\n\t\t\t\t<div class=\"elementor-column elementor-col-50 elementor-top-column elementor-element elementor-element-f39e1c7 animated-fast elementor-invisible\" data-id=\"f39e1c7\" data-element_type=\"column\" data-e-type=\"column\" data-settings=\"{&quot;animation&quot;:&quot;fadeInRight&quot;}\">\n\t\t\t<div class=\"elementor-widget-wrap elementor-element-populated\">\n\t\t\t\t\t\t<div class=\"elementor-element elementor-element-7c6b84b elementor-widget elementor-widget-text-editor\" data-id=\"7c6b84b\" data-element_type=\"widget\" data-e-type=\"widget\" data-widget_type=\"text-editor.default\">\n\t\t\t\t<div class=\"elementor-widget-container\">\n\t\t\t\t\t\t\t\t\t<p>Heute besteht der Verein aus \u00fcber 60 Mitgliedern. Er f\u00f6rdert die Jugendarbeit durch eine seit vielen Jahren bestehende Jugendgruppe, die in der Vergangenheit bereits mit mehreren regionalen und \u00fcberregionalen Umweltpreisen ausgezeichnet wurde. In diese k\u00f6nnen auch Kinder und Jugendliche aus den Nachbargemeinden eintreten, die sich f\u00fcr den Angelsport begeistern.<\/p><p>Des Weiteren steht auch die F\u00f6rderung von Gemeinschaft und Geselligkeit sowie des Gemeinwohls im Fokus der Vereinsarbeit. So ist es Tradition, dass sich die verschiedenen Dorfvereine und kirchlichen Einrichtungen bei den j\u00e4hrlich stattfindenden Veranstaltungen und Festen gegenseitig unterst\u00fctzen und diese aufsuchen. Dies f\u00f6rdert die Dorfgemeinschaft und das gemeinsame Zusammenleben im Ort.<\/p><p>\u00dcber einen Zuwachs von Vereinsmitgliedern oder Angelinteressierten, die auch nur mal \u201eHereinschnuppern\u201c m\u00f6chten, freuen sich Vereinsmitglieder sowie Vorstand und stehen gemeinsam mit Rat und Tat zur Verf\u00fcgung.<\/p><p>\u00a0<\/p><p>Sie haben sich vorgenommen den Bundesfischereischein zu absolvieren?<\/p><p>Hier finden Sie die n\u00f6tigen Informationen dazu:<\/p><p><a href=\"https:\/\/lfvrlp.de\/service\/fischereiausbildung\/\">Landesfischereiverband Rheinland-Pfalz<\/a><\/p><p><a href=\"https:\/\/bezirks-sportfischerverband-koblenz.de\/2019\/06\/17\/fischereischeinausbildung\/\">Bezirks-Sportfischerverband Koblenz e.V.<\/a><\/p>\t\t\t\t\t\t\t\t<\/div>\n\t\t\t\t<\/div>\n\t\t\t\t\t<\/div>\n\t\t<\/div>\n\t\t\t\t\t<\/div>\n\t\t<\/section>\n\t\t\t\t<section class=\"elementor-section elementor-top-section elementor-element elementor-element-7f874d7 elementor-section-height-min-height elementor-section-content-middle parallax elementor-section-full_width elementor-section-stretched elementor-section-height-default elementor-section-items-middle wpr-particle-no wpr-jarallax-no wpr-parallax-no wpr-sticky-section-no wpr-equal-height-no\" data-id=\"7f874d7\" data-element_type=\"section\" data-e-type=\"section\" data-settings=\"{&quot;background_background&quot;:&quot;classic&quot;,&quot;shape_divider_bottom&quot;:&quot;tilt&quot;,&quot;stretch_section&quot;:&quot;section-stretched&quot;}\">\n\t\t\t\t\t\t\t<div class=\"elementor-background-overlay\"><\/div>\n\t\t\t\t\t\t<div class=\"elementor-shape elementor-shape-bottom\" aria-hidden=\"true\" data-negative=\"false\">\n\t\t\t<svg xmlns=\"http:\/\/www.w3.org\/2000\/svg\" viewBox=\"0 0 1000 100\" preserveAspectRatio=\"none\">\n\t<path class=\"elementor-shape-fill\" d=\"M0,6V0h1000v100L0,6z\"\/>\n<\/svg>\t\t<\/div>\n\t\t\t\t\t<div class=\"elementor-container elementor-column-gap-default\">\n\t\t\t\t\t<div class=\"elementor-column elementor-col-50 elementor-top-column elementor-element elementor-element-635d5c0 elementor-invisible\" data-id=\"635d5c0\" data-element_type=\"column\" data-e-type=\"column\" data-settings=\"{&quot;background_background&quot;:&quot;classic&quot;,&quot;animation&quot;:&quot;fadeIn&quot;}\">\n\t\t\t<div class=\"elementor-widget-wrap elementor-element-populated\">\n\t\t\t\t\t\t<div class=\"elementor-element elementor-element-da8d578 elementor-invisible elementor-widget elementor-widget-heading\" data-id=\"da8d578\" data-element_type=\"widget\" data-e-type=\"widget\" data-settings=\"{&quot;_animation&quot;:&quot;fadeIn&quot;}\" data-widget_type=\"heading.default\">\n\t\t\t\t<div class=\"elementor-widget-container\">\n\t\t\t\t\t<h1 class=\"elementor-heading-title elementor-size-default\">Angelsportverein Freirachdorf e.V.<\/h1>\t\t\t\t<\/div>\n\t\t\t\t<\/div>\n\t\t\t\t<div class=\"elementor-element elementor-element-81b4aa7 elementor-icon-list--layout-traditional elementor-list-item-link-full_width elementor-widget elementor-widget-icon-list\" data-id=\"81b4aa7\" data-element_type=\"widget\" data-e-type=\"widget\" data-widget_type=\"icon-list.default\">\n\t\t\t\t<div class=\"elementor-widget-container\">\n\t\t\t\t\t\t\t<ul class=\"elementor-icon-list-items\">\n\t\t\t\t\t\t\t<li class=\"elementor-icon-list-item\">\n\t\t\t\t\t\t\t\t\t\t\t<span class=\"elementor-icon-list-icon\">\n\t\t\t\t\t\t\t<svg aria-hidden=\"true\" class=\"e-font-icon-svg e-fas-map-marker-alt\" viewBox=\"0 0 384 512\" xmlns=\"http:\/\/www.w3.org\/2000\/svg\"><path d=\"M172.268 501.67C26.97 291.031 0 269.413 0 192 0 85.961 85.961 0 192 0s192 85.961 192 192c0 77.413-26.97 99.031-172.268 309.67-9.535 13.774-29.93 13.773-39.464 0zM192 272c44.183 0 80-35.817 80-80s-35.817-80-80-80-80 35.817-80 80 35.817 80 80 80z\"><\/path><\/svg>\t\t\t\t\t\t<\/span>\n\t\t\t\t\t\t\t\t\t\t<span class=\"elementor-icon-list-text\">Poststrasse 5, 56244 Freirachdorf<\/span>\n\t\t\t\t\t\t\t\t\t<\/li>\n\t\t\t\t\t\t\t\t<li class=\"elementor-icon-list-item\">\n\t\t\t\t\t\t\t\t\t\t\t<span class=\"elementor-icon-list-icon\">\n\t\t\t\t\t\t\t<svg aria-hidden=\"true\" class=\"e-font-icon-svg e-far-paper-plane\" viewBox=\"0 0 512 512\" xmlns=\"http:\/\/www.w3.org\/2000\/svg\"><path d=\"M440 6.5L24 246.4c-34.4 19.9-31.1 70.8 5.7 85.9L144 379.6V464c0 46.4 59.2 65.5 86.6 28.6l43.8-59.1 111.9 46.2c5.9 2.4 12.1 3.6 18.3 3.6 8.2 0 16.3-2.1 23.6-6.2 12.8-7.2 21.6-20 23.9-34.5l59.4-387.2c6.1-40.1-36.9-68.8-71.5-48.9zM192 464v-64.6l36.6 15.1L192 464zm212.6-28.7l-153.8-63.5L391 169.5c10.7-15.5-9.5-33.5-23.7-21.2L155.8 332.6 48 288 464 48l-59.4 387.3z\"><\/path><\/svg>\t\t\t\t\t\t<\/span>\n\t\t\t\t\t\t\t\t\t\t<span class=\"elementor-icon-list-text\">vorsitzender@asv-freirachdorf.de<\/span>\n\t\t\t\t\t\t\t\t\t<\/li>\n\t\t\t\t\t\t<\/ul>\n\t\t\t\t\t\t<\/div>\n\t\t\t\t<\/div>\n\t\t\t\t\t<\/div>\n\t\t<\/div>\n\t\t\t\t<div class=\"elementor-column elementor-col-50 elementor-top-column elementor-element elementor-element-acf9912 elementor-invisible\" data-id=\"acf9912\" data-element_type=\"column\" data-e-type=\"column\" data-settings=\"{&quot;background_background&quot;:&quot;classic&quot;,&quot;animation&quot;:&quot;fadeIn&quot;}\">\n\t\t\t<div class=\"elementor-widget-wrap elementor-element-populated\">\n\t\t\t\t\t\t<div class=\"elementor-element elementor-element-97d5397 elementor-invisible elementor-widget elementor-widget-heading\" data-id=\"97d5397\" data-element_type=\"widget\" data-e-type=\"widget\" data-settings=\"{&quot;_animation&quot;:&quot;fadeIn&quot;}\" data-widget_type=\"heading.default\">\n\t\t\t\t<div class=\"elementor-widget-container\">\n\t\t\t\t\t<h1 class=\"elementor-heading-title elementor-size-default\">Weitere Seiten<\/h1>\t\t\t\t<\/div>\n\t\t\t\t<\/div>\n\t\t\t\t<div class=\"elementor-element elementor-element-d2760c2 elementor-icon-list--layout-traditional elementor-list-item-link-full_width elementor-widget elementor-widget-icon-list\" data-id=\"d2760c2\" data-element_type=\"widget\" data-e-type=\"widget\" data-widget_type=\"icon-list.default\">\n\t\t\t\t<div class=\"elementor-widget-container\">\n\t\t\t\t\t\t\t<ul class=\"elementor-icon-list-items\">\n\t\t\t\t\t\t\t<li class=\"elementor-icon-list-item\">\n\t\t\t\t\t\t\t\t\t\t\t<a href=\"https:\/\/asv-freirachdorf.de\/?page_id=454\">\n\n\t\t\t\t\t\t\t\t\t\t\t<span class=\"elementor-icon-list-text\">Kontakte<\/span>\n\t\t\t\t\t\t\t\t\t\t\t<\/a>\n\t\t\t\t\t\t\t\t\t<\/li>\n\t\t\t\t\t\t\t\t<li class=\"elementor-icon-list-item\">\n\t\t\t\t\t\t\t\t\t\t\t<a href=\"https:\/\/asv-freirachdorf.de\/?page_id=448\">\n\n\t\t\t\t\t\t\t\t\t\t\t<span class=\"elementor-icon-list-text\">Impressum<\/span>\n\t\t\t\t\t\t\t\t\t\t\t<\/a>\n\t\t\t\t\t\t\t\t\t<\/li>\n\t\t\t\t\t\t\t\t<li class=\"elementor-icon-list-item\">\n\t\t\t\t\t\t\t\t\t\t\t<a href=\"https:\/\/asv-freirachdorf.de\/?page_id=435\">\n\n\t\t\t\t\t\t\t\t\t\t\t<span class=\"elementor-icon-list-text\">Datenschutzerkl\u00e4rung<\/span>\n\t\t\t\t\t\t\t\t\t\t\t<\/a>\n\t\t\t\t\t\t\t\t\t<\/li>\n\t\t\t\t\t\t\t\t<li class=\"elementor-icon-list-item\">\n\t\t\t\t\t\t\t\t\t\t\t<a href=\"https:\/\/asv-freirachdorf.de\/?page_id=493\">\n\n\t\t\t\t\t\t\t\t\t\t\t<span class=\"elementor-icon-list-text\">Anfahrt<\/span>\n\t\t\t\t\t\t\t\t\t\t\t<\/a>\n\t\t\t\t\t\t\t\t\t<\/li>\n\t\t\t\t\t\t<\/ul>\n\t\t\t\t\t\t<\/div>\n\t\t\t\t<\/div>\n\t\t\t\t\t<\/div>\n\t\t<\/div>\n\t\t\t\t\t<\/div>\n\t\t<\/section>\n\t\t\t\t<\/div>\n\t\t","protected":false},"excerpt":{"rendered":"<p>Angelsport-verein Freirachdorf e.V. Der Angelsportverein Freirachdorf e.V. wurde 1959 von sieben Freirachdorfern gegr\u00fcndet. Bei den Vereinsgew\u00e4ssern handelt es sich um ehemalige Quarzit-Steinbr\u00fcche, die nach Aussch\u00f6pfung des Quarzit Vorkommens brach lagen und f\u00fcr die sich damals keinerlei wirtschaftliche Verwendung mehr fand. Der Verein k\u00fcmmert sich fortan neben der Angelleidenschaft auch um die Hege und Pflege von Flora und Fauna der verschiedenen Gew\u00e4sser. Auch die Natur um die Teiche herum wird aufs liebevollste in Ordnung gehalten. Eine weitere Aufgaben des Vereins ist das S\u00e4ubern des Gel\u00e4ndes um die nahegelegene B413. So nehmen unsere Vereinsmitglieder beispielsweise auch an dem in jedem Fr\u00fchjahr stattfindenden Umwelttag der Verbandsgemeinde Selters teil. Neben den anderen \u00f6rtlichen Vereinen und Dorfbewohnern sammeln wir an diesem Tag in der Gemarkung weggeworfenen Unrat und M\u00fcll ein. Dieser wird anschlie\u00dfend zu einem zentralen Sammelort gebracht und nach der sp\u00e4teren Abholung einer m\u00f6glichen Wiederverwertung zugef\u00fchrt. Der Verein freut sich stets \u00fcber Gastangler von nah und fern, die unser Vereinsleben bereichern. Dass der Verein auf dem richtigen Weg ist, beweist die st\u00e4ndig steigende Zahl der Angler und Erholungssuchenden, die sogar aus den R\u00e4umen K\u00f6ln \u2013 D\u00fcsseldorf und Frankfurt \u2013 Darmstadt anreisen. Gastangler sind jederzeit willkommen und k\u00f6nnen sich selbst einen Eindruck von der idyllischen Atmosph\u00e4re vor Ort verschaffen. Heute besteht der Verein aus \u00fcber 60 Mitgliedern. Er f\u00f6rdert die Jugendarbeit durch eine seit vielen Jahren bestehende Jugendgruppe, die in der Vergangenheit bereits mit mehreren regionalen und \u00fcberregionalen Umweltpreisen ausgezeichnet wurde. In diese k\u00f6nnen auch Kinder und Jugendliche aus den Nachbargemeinden eintreten, die sich f\u00fcr den Angelsport begeistern. Des Weiteren steht auch die F\u00f6rderung von Gemeinschaft und Geselligkeit sowie des Gemeinwohls im Fokus der Vereinsarbeit. So ist es Tradition, dass sich die verschiedenen Dorfvereine und kirchlichen Einrichtungen bei den j\u00e4hrlich stattfindenden Veranstaltungen und Festen gegenseitig unterst\u00fctzen und diese aufsuchen. Dies f\u00f6rdert die Dorfgemeinschaft und das gemeinsame Zusammenleben im Ort. \u00dcber einen Zuwachs von Vereinsmitgliedern oder Angelinteressierten, die auch nur mal \u201eHereinschnuppern\u201c m\u00f6chten, freuen sich Vereinsmitglieder sowie Vorstand und stehen gemeinsam mit Rat und Tat zur Verf\u00fcgung. \u00a0 Sie haben sich vorgenommen den Bundesfischereischein zu absolvieren? Hier finden Sie die n\u00f6tigen Informationen dazu: Landesfischereiverband Rheinland-Pfalz Bezirks-Sportfischerverband Koblenz e.V. Angelsportverein Freirachdorf e.V. Poststrasse 5, 56244 Freirachdorf vorsitzender@asv-freirachdorf.de Weitere Seiten Kontakte Impressum Datenschutzerkl\u00e4rung Anfahrt<\/p>\n","protected":false},"author":1,"featured_media":0,"parent":0,"menu_order":0,"comment_status":"closed","ping_status":"closed","template":"","meta":{"site-sidebar-layout":"no-sidebar","site-content-layout":"","ast-site-content-layout":"full-width-container","site-content-style":"default","site-sidebar-style":"default","ast-global-header-display":"","ast-banner-title-visibility":"","ast-main-header-display":"","ast-hfb-above-header-display":"","ast-hfb-below-header-display":"","ast-hfb-mobile-header-display":"","site-post-title":"disabled","ast-breadcrumbs-content":"","ast-featured-img":"disabled","footer-sml-layout":"","ast-disable-related-posts":"","theme-transparent-header-meta":"","adv-header-id-meta":"","stick-header-meta":"","header-above-stick-meta":"","header-main-stick-meta":"","header-below-stick-meta":"","astra-migrate-meta-layouts":"default","ast-page-background-enabled":"default","ast-page-background-meta":{"desktop":{"background-color":"var(--ast-global-color-4)","background-image":"","background-repeat":"repeat","background-position":"center center","background-size":"auto","background-attachment":"scroll","background-type":"","background-media":"","overlay-type":"","overlay-color":"","overlay-opacity":"","overlay-gradient":""},"tablet":{"background-color":"","background-image":"","background-repeat":"repeat","background-position":"center center","background-size":"auto","background-attachment":"scroll","background-type":"","background-media":"","overlay-type":"","overlay-color":"","overlay-opacity":"","overlay-gradient":""},"mobile":{"background-color":"","background-image":"","background-repeat":"repeat","background-position":"center center","background-size":"auto","background-attachment":"scroll","background-type":"","background-media":"","overlay-type":"","overlay-color":"","overlay-opacity":"","overlay-gradient":""}},"ast-content-background-meta":{"desktop":{"background-color":"var(--ast-global-color-5)","background-image":"","background-repeat":"repeat","background-position":"center center","background-size":"auto","background-attachment":"scroll","background-type":"","background-media":"","overlay-type":"","overlay-color":"","overlay-opacity":"","overlay-gradient":""},"tablet":{"background-color":"var(--ast-global-color-5)","background-image":"","background-repeat":"repeat","background-position":"center center","background-size":"auto","background-attachment":"scroll","background-type":"","background-media":"","overlay-type":"","overlay-color":"","overlay-opacity":"","overlay-gradient":""},"mobile":{"background-color":"var(--ast-global-color-5)","background-image":"","background-repeat":"repeat","background-position":"center center","background-size":"auto","background-attachment":"scroll","background-type":"","background-media":"","overlay-type":"","overlay-color":"","overlay-opacity":"","overlay-gradient":""}},"footnotes":""},"class_list":["post-468","page","type-page","status-publish","hentry"],"yoast_head":"<!-- This site is optimized with the Yoast SEO plugin v27.4 - https:\/\/yoast.com\/product\/yoast-seo-wordpress\/ -->\n<title>Der Verein - ASV Freirachdorf<\/title>\n<meta name=\"description\" content=\"Vereinsbeschreibung zum Angelsportverein Freirachdorf e.V.\" \/>\n<meta name=\"robots\" content=\"index, follow, max-snippet:-1, max-image-preview:large, max-video-preview:-1\" \/>\n<link rel=\"canonical\" href=\"https:\/\/asv-freirachdorf.de\/?page_id=468\" \/>\n<meta property=\"og:locale\" content=\"de_DE\" \/>\n<meta property=\"og:type\" content=\"article\" \/>\n<meta property=\"og:title\" content=\"Der Verein - ASV Freirachdorf\" \/>\n<meta property=\"og:description\" content=\"Vereinsbeschreibung zum Angelsportverein Freirachdorf e.V.\" \/>\n<meta property=\"og:url\" content=\"https:\/\/asv-freirachdorf.de\/?page_id=468\" \/>\n<meta property=\"og:site_name\" content=\"ASV Freirachdorf\" \/>\n<meta property=\"article:modified_time\" content=\"2026-03-19T12:15:01+00:00\" \/>\n<meta name=\"twitter:card\" content=\"summary_large_image\" \/>\n<meta name=\"twitter:label1\" content=\"Gesch\u00e4tzte Lesezeit\" \/>\n\t<meta name=\"twitter:data1\" content=\"3\u00a0Minuten\" \/>\n<script type=\"application\/ld+json\" class=\"yoast-schema-graph\">{\"@context\":\"https:\\\/\\\/schema.org\",\"@graph\":[{\"@type\":\"WebPage\",\"@id\":\"https:\\\/\\\/asv-freirachdorf.de\\\/?page_id=468\",\"url\":\"https:\\\/\\\/asv-freirachdorf.de\\\/?page_id=468\",\"name\":\"Der Verein - ASV Freirachdorf\",\"isPartOf\":{\"@id\":\"https:\\\/\\\/asv-freirachdorf.de\\\/#website\"},\"datePublished\":\"2024-06-10T15:46:48+00:00\",\"dateModified\":\"2026-03-19T12:15:01+00:00\",\"description\":\"Vereinsbeschreibung zum Angelsportverein Freirachdorf e.V.\",\"breadcrumb\":{\"@id\":\"https:\\\/\\\/asv-freirachdorf.de\\\/?page_id=468#breadcrumb\"},\"inLanguage\":\"de\",\"potentialAction\":[{\"@type\":\"ReadAction\",\"target\":[\"https:\\\/\\\/asv-freirachdorf.de\\\/?page_id=468\"]}]},{\"@type\":\"BreadcrumbList\",\"@id\":\"https:\\\/\\\/asv-freirachdorf.de\\\/?page_id=468#breadcrumb\",\"itemListElement\":[{\"@type\":\"ListItem\",\"position\":1,\"name\":\"Startseite\",\"item\":\"https:\\\/\\\/asv-freirachdorf.de\\\/\"},{\"@type\":\"ListItem\",\"position\":2,\"name\":\"Der Verein\"}]},{\"@type\":\"WebSite\",\"@id\":\"https:\\\/\\\/asv-freirachdorf.de\\\/#website\",\"url\":\"https:\\\/\\\/asv-freirachdorf.de\\\/\",\"name\":\"ASV Freirachdorf\",\"description\":\"Angelsportverein Freirachdorf e.V.\",\"publisher\":{\"@id\":\"https:\\\/\\\/asv-freirachdorf.de\\\/#organization\"},\"potentialAction\":[{\"@type\":\"SearchAction\",\"target\":{\"@type\":\"EntryPoint\",\"urlTemplate\":\"https:\\\/\\\/asv-freirachdorf.de\\\/?s={search_term_string}\"},\"query-input\":{\"@type\":\"PropertyValueSpecification\",\"valueRequired\":true,\"valueName\":\"search_term_string\"}}],\"inLanguage\":\"de\"},{\"@type\":\"Organization\",\"@id\":\"https:\\\/\\\/asv-freirachdorf.de\\\/#organization\",\"name\":\"ASV Freirachdorf\",\"url\":\"https:\\\/\\\/asv-freirachdorf.de\\\/\",\"logo\":{\"@type\":\"ImageObject\",\"inLanguage\":\"de\",\"@id\":\"https:\\\/\\\/asv-freirachdorf.de\\\/#\\\/schema\\\/logo\\\/image\\\/\",\"url\":\"https:\\\/\\\/asv-freirachdorf.de\\\/wp-content\\\/uploads\\\/2024\\\/04\\\/ASV-Logo.jpg\",\"contentUrl\":\"https:\\\/\\\/asv-freirachdorf.de\\\/wp-content\\\/uploads\\\/2024\\\/04\\\/ASV-Logo.jpg\",\"width\":239,\"height\":238,\"caption\":\"ASV Freirachdorf\"},\"image\":{\"@id\":\"https:\\\/\\\/asv-freirachdorf.de\\\/#\\\/schema\\\/logo\\\/image\\\/\"}}]}<\/script>\n<!-- \/ Yoast SEO plugin. -->","yoast_head_json":{"title":"Der Verein - ASV Freirachdorf","description":"Vereinsbeschreibung zum Angelsportverein Freirachdorf e.V.","robots":{"index":"index","follow":"follow","max-snippet":"max-snippet:-1","max-image-preview":"max-image-preview:large","max-video-preview":"max-video-preview:-1"},"canonical":"https:\/\/asv-freirachdorf.de\/?page_id=468","og_locale":"de_DE","og_type":"article","og_title":"Der Verein - ASV Freirachdorf","og_description":"Vereinsbeschreibung zum Angelsportverein Freirachdorf e.V.","og_url":"https:\/\/asv-freirachdorf.de\/?page_id=468","og_site_name":"ASV Freirachdorf","article_modified_time":"2026-03-19T12:15:01+00:00","twitter_card":"summary_large_image","twitter_misc":{"Gesch\u00e4tzte Lesezeit":"3\u00a0Minuten"},"schema":{"@context":"https:\/\/schema.org","@graph":[{"@type":"WebPage","@id":"https:\/\/asv-freirachdorf.de\/?page_id=468","url":"https:\/\/asv-freirachdorf.de\/?page_id=468","name":"Der Verein - ASV Freirachdorf","isPartOf":{"@id":"https:\/\/asv-freirachdorf.de\/#website"},"datePublished":"2024-06-10T15:46:48+00:00","dateModified":"2026-03-19T12:15:01+00:00","description":"Vereinsbeschreibung zum Angelsportverein Freirachdorf e.V.","breadcrumb":{"@id":"https:\/\/asv-freirachdorf.de\/?page_id=468#breadcrumb"},"inLanguage":"de","potentialAction":[{"@type":"ReadAction","target":["https:\/\/asv-freirachdorf.de\/?page_id=468"]}]},{"@type":"BreadcrumbList","@id":"https:\/\/asv-freirachdorf.de\/?page_id=468#breadcrumb","itemListElement":[{"@type":"ListItem","position":1,"name":"Startseite","item":"https:\/\/asv-freirachdorf.de\/"},{"@type":"ListItem","position":2,"name":"Der Verein"}]},{"@type":"WebSite","@id":"https:\/\/asv-freirachdorf.de\/#website","url":"https:\/\/asv-freirachdorf.de\/","name":"ASV Freirachdorf","description":"Angelsportverein Freirachdorf e.V.","publisher":{"@id":"https:\/\/asv-freirachdorf.de\/#organization"},"potentialAction":[{"@type":"SearchAction","target":{"@type":"EntryPoint","urlTemplate":"https:\/\/asv-freirachdorf.de\/?s={search_term_string}"},"query-input":{"@type":"PropertyValueSpecification","valueRequired":true,"valueName":"search_term_string"}}],"inLanguage":"de"},{"@type":"Organization","@id":"https:\/\/asv-freirachdorf.de\/#organization","name":"ASV Freirachdorf","url":"https:\/\/asv-freirachdorf.de\/","logo":{"@type":"ImageObject","inLanguage":"de","@id":"https:\/\/asv-freirachdorf.de\/#\/schema\/logo\/image\/","url":"https:\/\/asv-freirachdorf.de\/wp-content\/uploads\/2024\/04\/ASV-Logo.jpg","contentUrl":"https:\/\/asv-freirachdorf.de\/wp-content\/uploads\/2024\/04\/ASV-Logo.jpg","width":239,"height":238,"caption":"ASV Freirachdorf"},"image":{"@id":"https:\/\/asv-freirachdorf.de\/#\/schema\/logo\/image\/"}}]}},"_links":{"self":[{"href":"https:\/\/asv-freirachdorf.de\/index.php?rest_route=\/wp\/v2\/pages\/468","targetHints":{"allow":["GET"]}}],"collection":[{"href":"https:\/\/asv-freirachdorf.de\/index.php?rest_route=\/wp\/v2\/pages"}],"about":[{"href":"https:\/\/asv-freirachdorf.de\/index.php?rest_route=\/wp\/v2\/types\/page"}],"author":[{"embeddable":true,"href":"https:\/\/asv-freirachdorf.de\/index.php?rest_route=\/wp\/v2\/users\/1"}],"replies":[{"embeddable":true,"href":"https:\/\/asv-freirachdorf.de\/index.php?rest_route=%2Fwp%2Fv2%2Fcomments&post=468"}],"version-history":[{"count":17,"href":"https:\/\/asv-freirachdorf.de\/index.php?rest_route=\/wp\/v2\/pages\/468\/revisions"}],"predecessor-version":[{"id":889,"href":"https:\/\/asv-freirachdorf.de\/index.php?rest_route=\/wp\/v2\/pages\/468\/revisions\/889"}],"wp:attachment":[{"href":"https:\/\/asv-freirachdorf.de\/index.php?rest_route=%2Fwp%2Fv2%2Fmedia&parent=468"}],"curies":[{"name":"wp","href":"https:\/\/api.w.org\/{rel}","templated":true}]}}